{"id":2341,"date":"2023-08-04T13:38:11","date_gmt":"2023-08-04T11:38:11","guid":{"rendered":"https:\/\/buchis-bnb.ch\/les-prix\/"},"modified":"2023-09-04T13:41:46","modified_gmt":"2023-09-04T11:41:46","slug":"les-prix","status":"publish","type":"page","link":"https:\/\/buchis-bnb.ch\/fr\/les-prix\/","title":{"rendered":"Les prix"},"content":{"rendered":"<p><div class=\"fusion-bg-parallax\" data-bg-align=\"center center\" data-direction=\"down\" data-mute=\"false\" data-opacity=\"100\" data-velocity=\"-0.3\" data-mobile-enabled=\"false\" data-break_parents=\"0\" data-bg-image=\"https:\/\/buchis-bnb.ch\/wp-content\/uploads\/2023\/08\/Preise-Buchis-BnB-Mutten.jpg\" data-bg-repeat=\"false\" data-bg-image-medium=\"https:\/\/buchis-bnb.ch\/wp-content\/uploads\/2023\/08\/Preise-Buchis-BnB-Mutten.jpg\" data-bg-image-small=\"https:\/\/buchis-bnb.ch\/wp-content\/uploads\/2023\/08\/Preise-Buchis-BnB-Mutten.jpg\" ><\/div><div class=\"fusion-fullwidth fullwidth-box fusion-builder-row-1 fusion-flex-container has-pattern-background has-mask-background fusion-parallax-down nonhundred-percent-fullwidth non-hundred-percent-height-scrolling lazyload fusion-animated\" style=\"--awb-background-position-small:center center;--awb-border-radius-top-left:0px;--awb-border-radius-top-right:0px;--awb-border-radius-bottom-right:0px;--awb-border-radius-bottom-left:0px;--awb-padding-top:15vw;--awb-padding-bottom:15vw;--awb-padding-top-small:80px;--awb-padding-bottom-small:80px;--awb-background-size:cover;--awb-animation-color:var(--awb-color3);\" data-bg=\"https:\/\/buchis-bnb.ch\/wp-content\/uploads\/2023\/08\/Preise-Buchis-BnB-Mutten.jpg\" data-fusion-responsive-bg=\"1\" data-bg-medium=\"https:\/\/buchis-bnb.ch\/wp-content\/uploads\/2023\/08\/Preise-Buchis-BnB-Mutten.jpg\" data-bg-small=\"https:\/\/buchis-bnb.ch\/wp-content\/uploads\/2023\/08\/Preise-Buchis-BnB-Mutten.jpg\" data-animationType=\"revealInLeft\" data-animationDuration=\"1.2\" data-animationOffset=\"top-into-view\" ><div class=\"fusion-builder-row fusion-row fusion-flex-align-items-flex-start\" style=\"max-width:1248px;margin-left: calc(-4% \/ 2 );margin-right: calc(-4% \/ 2 );\"><div class=\"fusion-layout-column fusion_builder_column fusion-builder-column-0 fusion_builder_column_1_1 1_1 fusion-flex-column\" style=\"--awb-bg-size:cover;--awb-width-large:100%;--awb-margin-top-large:0px;--awb-spacing-right-large:1.92%;--awb-margin-bottom-large:0px;--awb-spacing-left-large:1.92%;--awb-width-medium:100%;--awb-order-medium:0;--awb-spacing-right-medium:1.92%;--awb-spacing-left-medium:1.92%;--awb-width-small:100%;--awb-order-small:0;--awb-spacing-right-small:1.92%;--awb-spacing-left-small:1.92%;\"><div class=\"fusion-column-wrapper fusion-column-has-shadow fusion-flex-justify-content-flex-start fusion-content-layout-column\"><\/div><\/div><\/div><\/div><div id=\"appartement de vacances\" class=\"fusion-container-anchor\"><div class=\"fusion-fullwidth fullwidth-box fusion-builder-row-2 fusion-flex-container has-pattern-background has-mask-background nonhundred-percent-fullwidth non-hundred-percent-height-scrolling\" style=\"--awb-background-position:left center;--awb-border-radius-top-left:0px;--awb-border-radius-top-right:0px;--awb-border-radius-bottom-right:0px;--awb-border-radius-bottom-left:0px;--awb-padding-top:50px;--awb-padding-bottom:0px;--awb-padding-top-medium:30px;--awb-padding-bottom-medium:20px;--awb-padding-top-small:30px;--awb-padding-bottom-small:20px;\" ><div class=\"fusion-builder-row fusion-row fusion-flex-align-items-flex-start fusion-flex-justify-content-center\" style=\"max-width:calc( 1200px + 0px );margin-left: calc(-0px \/ 2 );margin-right: calc(-0px \/ 2 );\"><div class=\"fusion-layout-column fusion_builder_column fusion-builder-column-1 fusion_builder_column_1_1 1_1 fusion-flex-column fusion-animated\" style=\"--awb-bg-color:var(--awb-color2);--awb-bg-color-hover:var(--awb-color2);--awb-bg-size:cover;--awb-width-large:100%;--awb-margin-top-large:0px;--awb-spacing-right-large:0;--awb-margin-bottom-large:30px;--awb-spacing-left-large:0;--awb-width-medium:100%;--awb-order-medium:0;--awb-spacing-right-medium:0;--awb-margin-bottom-medium:30px;--awb-spacing-left-medium:0;--awb-width-small:100%;--awb-order-small:0;--awb-spacing-right-small:0;--awb-margin-bottom-small:0px;--awb-spacing-left-small:0;\" data-animationType=\"fadeInDown\" data-animationDuration=\"0.8\" data-animationDelay=\"0.2\" data-animationOffset=\"top-into-view\" data-motion-effects=\"[{&quot;type&quot;:&quot;&quot;,&quot;scroll_type&quot;:&quot;transition&quot;,&quot;scroll_direction&quot;:&quot;up&quot;,&quot;transition_speed&quot;:&quot;1&quot;,&quot;fade_type&quot;:&quot;in&quot;,&quot;scale_type&quot;:&quot;up&quot;,&quot;initial_scale&quot;:&quot;1&quot;,&quot;max_scale&quot;:&quot;1.5&quot;,&quot;min_scale&quot;:&quot;0.5&quot;,&quot;initial_rotate&quot;:&quot;0&quot;,&quot;end_rotate&quot;:&quot;30&quot;,&quot;initial_blur&quot;:&quot;0&quot;,&quot;end_blur&quot;:&quot;3&quot;,&quot;start_element&quot;:&quot;top&quot;,&quot;start_viewport&quot;:&quot;bottom&quot;,&quot;end_element&quot;:&quot;bottom&quot;,&quot;end_viewport&quot;:&quot;top&quot;,&quot;mouse_effect&quot;:&quot;track&quot;,&quot;mouse_effect_direction&quot;:&quot;opposite&quot;,&quot;mouse_effect_speed&quot;:&quot;2&quot;,&quot;infinite_animation&quot;:&quot;float&quot;,&quot;infinite_animation_speed&quot;:&quot;2&quot;}]\" data-scroll-devices=\"small-visibility,medium-visibility,large-visibility\"><div class=\"fusion-column-wrapper fusion-column-has-shadow fusion-flex-justify-content-flex-start fusion-content-layout-column\"><div class=\"fusion-title title fusion-title-1 fusion-no-small-visibility fusion-sep-none fusion-title-center fusion-title-text fusion-title-size-one\" style=\"--awb-text-color:var(--awb-color7);--awb-margin-bottom:20px;--awb-margin-bottom-small:20px;\"><h1 class=\"title-heading-center\" style=\"margin:0;\">Les prix<\/h1><\/div><div class=\"fusion-title title fusion-title-2 fusion-no-medium-visibility fusion-no-large-visibility fusion-sep-none fusion-title-center fusion-title-text fusion-title-size-one\" style=\"--awb-text-color:var(--awb-color7);--awb-margin-top:0px;--awb-margin-bottom:20px;--awb-margin-bottom-small:20px;--awb-font-size:36px;\"><h1 class=\"title-heading-center\" style=\"margin:0;font-size:1em;\">Les prix<\/h1><\/div><\/div><\/div><\/div><\/div><\/div><div class=\"fusion-fullwidth fullwidth-box fusion-builder-row-3 fusion-flex-container has-pattern-background has-mask-background nonhundred-percent-fullwidth non-hundred-percent-height-scrolling fusion-no-small-visibility\" style=\"--awb-border-radius-top-left:0px;--awb-border-radius-top-right:0px;--awb-border-radius-bottom-right:0px;--awb-border-radius-bottom-left:0px;\" ><div class=\"fusion-builder-row fusion-row fusion-flex-align-items-stretch\" style=\"max-width:1248px;margin-left: calc(-4% \/ 2 );margin-right: calc(-4% \/ 2 );\"><div class=\"fusion-layout-column fusion_builder_column fusion-builder-column-2 fusion_builder_column_1_1 1_1 fusion-flex-column\" style=\"--awb-bg-size:cover;--awb-width-large:100%;--awb-margin-top-large:0px;--awb-spacing-right-large:1.92%;--awb-margin-bottom-large:20px;--awb-spacing-left-large:1.92%;--awb-width-medium:100%;--awb-order-medium:0;--awb-spacing-right-medium:1.92%;--awb-spacing-left-medium:1.92%;--awb-width-small:100%;--awb-order-small:0;--awb-spacing-right-small:1.92%;--awb-spacing-left-small:1.92%;\"><div class=\"fusion-column-wrapper fusion-column-has-shadow fusion-flex-justify-content-flex-start fusion-content-layout-column\">\n<div class=\"table-1\">\n<table width=\"100%\">\n<thead>\n<tr>\n<th align=\"left\">Chambre individuelle<\/th>\n<th align=\"left\">Par nuit<\/th>\n<th align=\"left\">CHF 60.00<\/th>\n<th align=\"left\">BnB tarif (1)<\/th>\n<\/tr>\n<\/thead>\n<tbody>\n<tr>\n<td align=\"left\">Chambre double<\/td>\n<td align=\"left\">Par nuit<\/td>\n<td align=\"left\">CHF 110.00<\/td>\n<td align=\"left\">BnB tarif (1)<\/td>\n<\/tr>\n<tr>\n<td align=\"left\">Appartement de vacances<\/td>\n<td align=\"left\">Par nuit<\/td>\n<td align=\"left\">CHF 85.00<\/td>\n<td align=\"left\">ADV tarif (2)<\/td>\n<\/tr>\n<tr>\n<td align=\"left\">Nettoyage final ADV<\/td>\n<td align=\"left\">Forfait<\/td>\n<td align=\"left\">CHF 90.00<\/td>\n<td align=\"left\"><\/td>\n<\/tr>\n<tr>\n<td align=\"left\">Nettoyage final ADV<\/td>\n<td align=\"left\">Suppl\u00e9ment<\/td>\n<td align=\"left\">CHF 20.00<\/td>\n<td align=\"left\">avec chien<\/td>\n<\/tr>\n<tr>\n<td align=\"left\">Forfait chien<\/td>\n<td align=\"left\">Par jour<\/td>\n<td align=\"left\">CHF 10.00<\/td>\n<td align=\"left\">Deux chiens maximum (3)<\/td>\n<\/tr>\n<tr>\n<td align=\"left\"><\/td>\n<td align=\"left\"><\/td>\n<td align=\"left\"><\/td>\n<td align=\"left\"><\/td>\n<\/tr>\n<tr>\n<td align=\"left\">Petit d\u00e9jeuner par personne<\/td>\n<td align=\"left\">Par jour<\/td>\n<td align=\"left\">CHF 10.00<\/td>\n<td align=\"left\">(4)<\/td>\n<\/tr>\n<\/tbody>\n<\/table>\n<\/div>\n<\/div><\/div><\/div><\/div><div class=\"fusion-fullwidth fullwidth-box fusion-builder-row-4 fusion-flex-container has-pattern-background has-mask-background nonhundred-percent-fullwidth non-hundred-percent-height-scrolling fusion-no-medium-visibility fusion-no-large-visibility\" style=\"--awb-border-radius-top-left:0px;--awb-border-radius-top-right:0px;--awb-border-radius-bottom-right:0px;--awb-border-radius-bottom-left:0px;\" ><div class=\"fusion-builder-row fusion-row fusion-flex-align-items-stretch fusion-flex-justify-content-space-between\" style=\"max-width:1248px;margin-left: calc(-4% \/ 2 );margin-right: calc(-4% \/ 2 );\"><div class=\"fusion-layout-column fusion_builder_column fusion-builder-column-3 fusion_builder_column_1_1 1_1 fusion-flex-column\" style=\"--awb-bg-size:cover;--awb-width-large:100%;--awb-margin-top-large:0px;--awb-spacing-right-large:1.92%;--awb-margin-bottom-large:20px;--awb-spacing-left-large:1.92%;--awb-width-medium:100%;--awb-order-medium:0;--awb-spacing-right-medium:1.92%;--awb-spacing-left-medium:1.92%;--awb-width-small:100%;--awb-order-small:0;--awb-spacing-right-small:1.92%;--awb-spacing-left-small:1.92%;\"><div class=\"fusion-column-wrapper fusion-column-has-shadow fusion-flex-justify-content-flex-start fusion-content-layout-column\">\n<div class=\"table-1\">\n<table width=\"100%\">\n<thead>\n<tr>\n<th align=\"left\">Chambre individuelle<\/th>\n<th align=\"left\">Par nuit<\/th>\n<th align=\"left\">CHF 60.00<\/th>\n<th align=\"left\">BnB tarif (1)<\/th>\n<\/tr>\n<\/thead>\n<tbody>\n<tr>\n<td align=\"left\">Chambre double<\/td>\n<td align=\"left\">Par nuit<\/td>\n<td align=\"left\">CHF 110.00<\/td>\n<td align=\"left\">BnB tarif (1)<\/td>\n<\/tr>\n<tr>\n<td align=\"left\">Appartement de vacances<\/td>\n<td align=\"left\">Par nuit<\/td>\n<td align=\"left\">CHF 85.00<\/td>\n<td align=\"left\">ADV tarif (2)<\/td>\n<\/tr>\n<tr>\n<td align=\"left\">Nettoyage final ADV<\/td>\n<td align=\"left\">Forfait<\/td>\n<td align=\"left\">CHF 90.00<\/td>\n<td align=\"left\"><\/td>\n<\/tr>\n<tr>\n<td align=\"left\">Nettoyage final ADV<\/td>\n<td align=\"left\">Suppl\u00e9ment<\/td>\n<td align=\"left\">CHF 20.00<\/td>\n<td align=\"left\">avec chien<\/td>\n<\/tr>\n<tr>\n<td align=\"left\">Forfait chien<\/td>\n<td align=\"left\">Par jour<\/td>\n<td align=\"left\">CHF 10.00<\/td>\n<td align=\"left\">Deux chiens maximum (3)<\/td>\n<\/tr>\n<tr>\n<td align=\"left\"><\/td>\n<td align=\"left\"><\/td>\n<td align=\"left\"><\/td>\n<td align=\"left\"><\/td>\n<\/tr>\n<tr>\n<td align=\"left\">Petit d\u00e9jeuner par personne<\/td>\n<td align=\"left\">Par jour<\/td>\n<td align=\"left\">CHF 10.00<\/td>\n<td align=\"left\">(4)<\/td>\n<\/tr>\n<\/tbody>\n<\/table>\n<\/div>\n<\/div><\/div><\/div><\/div><div class=\"fusion-fullwidth fullwidth-box fusion-builder-row-5 fusion-flex-container has-pattern-background has-mask-background nonhundred-percent-fullwidth non-hundred-percent-height-scrolling\" style=\"--awb-border-radius-top-left:0px;--awb-border-radius-top-right:0px;--awb-border-radius-bottom-right:0px;--awb-border-radius-bottom-left:0px;\" ><div class=\"fusion-builder-row fusion-row fusion-flex-align-items-flex-start\" style=\"max-width:1248px;margin-left: calc(-4% \/ 2 );margin-right: calc(-4% \/ 2 );\"><div class=\"fusion-layout-column fusion_builder_column fusion-builder-column-4 fusion_builder_column_1_1 1_1 fusion-flex-column\" style=\"--awb-bg-size:cover;--awb-width-large:100%;--awb-margin-top-large:0px;--awb-spacing-right-large:1.92%;--awb-margin-bottom-large:20px;--awb-spacing-left-large:1.92%;--awb-width-medium:100%;--awb-order-medium:0;--awb-spacing-right-medium:1.92%;--awb-spacing-left-medium:1.92%;--awb-width-small:100%;--awb-order-small:0;--awb-spacing-right-small:1.92%;--awb-spacing-left-small:1.92%;\"><div class=\"fusion-column-wrapper fusion-column-has-shadow fusion-flex-justify-content-flex-start fusion-content-layout-column\"><div class=\"fusion-text fusion-text-1\"><p>(1)<br \/>\nPour le tarif BnB, les conditions g\u00e9n\u00e9rales de BnB Suisse s&rsquo;appliquent.<br \/>\nSalle de bain \/ cuisine \/ salon sont \u00e0 partager avec d&rsquo;autres h\u00f4tes selon la r\u00e9servation.<\/p>\n<p>(2)<br \/>\nLe tarif appartement de vacances est exclusivement r\u00e9serv\u00e9 aux r\u00e9servations d&rsquo;au moins une semaine.<br \/>\nLe tarif de CHF 85.00 se r\u00e9f\u00e8re \u00e0 deux personnes. Personnes suppl\u00e9mentaires CHF 10.00 par jour.<\/p>\n<p>(3)<br \/>\nLes chiens doivent \u00eatre annonc\u00e9s \u00e0 l&rsquo;avance avec indication de la race, afin que je puisse prendre les dispositions n\u00e9cessaires.<br \/>\nEn r\u00e8gle g\u00e9n\u00e9rale, je me r\u00e9serve le droit de ne pas accepter de chiens d&rsquo;h\u00f4tes pendant que Timba a des jeunes chiots.<\/p>\n<p>(4)<br \/>\nLe petit-d\u00e9jeuner, peut \u00eatre r\u00e9serv\u00e9 au choix pour certains jours seulement, par ex. appartement de vacances (dimanche, vendredi, etc.).<\/p>\n<\/div><\/div><\/div><\/div><\/div><div class=\"fusion-fullwidth fullwidth-box fusion-builder-row-6 fusion-flex-container has-pattern-background has-mask-background nonhundred-percent-fullwidth non-hundred-percent-height-scrolling\" style=\"--awb-border-radius-top-left:0px;--awb-border-radius-top-right:0px;--awb-border-radius-bottom-right:0px;--awb-border-radius-bottom-left:0px;\" ><div class=\"fusion-builder-row fusion-row fusion-flex-align-items-flex-start\" style=\"max-width:1248px;margin-left: calc(-4% \/ 2 );margin-right: calc(-4% \/ 2 );\"><div class=\"fusion-layout-column fusion_builder_column fusion-builder-column-5 fusion_builder_column_1_1 1_1 fusion-flex-column\" style=\"--awb-bg-size:cover;--awb-width-large:100%;--awb-margin-top-large:0px;--awb-spacing-right-large:1.92%;--awb-margin-bottom-large:20px;--awb-spacing-left-large:1.92%;--awb-width-medium:100%;--awb-order-medium:0;--awb-spacing-right-medium:1.92%;--awb-spacing-left-medium:1.92%;--awb-width-small:100%;--awb-order-small:0;--awb-spacing-right-small:1.92%;--awb-spacing-left-small:1.92%;\"><div class=\"fusion-column-wrapper fusion-column-has-shadow fusion-flex-justify-content-flex-start fusion-content-layout-column\"><div class=\"fusion-separator fusion-full-width-sep\" style=\"align-self: center;margin-left: auto;margin-right: auto;margin-top:80px;width:100%;\"><\/div><\/div><\/div><\/div><\/div><\/p>\n","protected":false},"excerpt":{"rendered":"","protected":false},"author":1,"featured_media":0,"parent":0,"menu_order":0,"comment_status":"closed","ping_status":"closed","template":"100-width.php","meta":{"footnotes":""},"class_list":["post-2341","page","type-page","status-publish","hentry"],"_links":{"self":[{"href":"https:\/\/buchis-bnb.ch\/fr\/wp-json\/wp\/v2\/pages\/2341","targetHints":{"allow":["GET"]}}],"collection":[{"href":"https:\/\/buchis-bnb.ch\/fr\/wp-json\/wp\/v2\/pages"}],"about":[{"href":"https:\/\/buchis-bnb.ch\/fr\/wp-json\/wp\/v2\/types\/page"}],"author":[{"embeddable":true,"href":"https:\/\/buchis-bnb.ch\/fr\/wp-json\/wp\/v2\/users\/1"}],"replies":[{"embeddable":true,"href":"https:\/\/buchis-bnb.ch\/fr\/wp-json\/wp\/v2\/comments?post=2341"}],"version-history":[{"count":6,"href":"https:\/\/buchis-bnb.ch\/fr\/wp-json\/wp\/v2\/pages\/2341\/revisions"}],"predecessor-version":[{"id":2347,"href":"https:\/\/buchis-bnb.ch\/fr\/wp-json\/wp\/v2\/pages\/2341\/revisions\/2347"}],"wp:attachment":[{"href":"https:\/\/buchis-bnb.ch\/fr\/wp-json\/wp\/v2\/media?parent=2341"}],"curies":[{"name":"wp","href":"https:\/\/api.w.org\/{rel}","templated":true}]}}